{"id":49,"date":"2024-01-07T15:34:47","date_gmt":"2024-01-07T14:34:47","guid":{"rendered":"https:\/\/kossamarketing.com\/index.php\/trusted-services\/"},"modified":"2025-01-26T13:23:24","modified_gmt":"2025-01-26T12:23:24","slug":"trusted-services","status":"publish","type":"page","link":"https:\/\/kossamarketing.com\/index.php\/trusted-services\/","title":{"rendered":"Impressum"},"content":{"rendered":"\n<p><strong>Angaben gem\u00e4\u00df \u00a7 5 TMG<\/strong><br>Mario Kossakowski<br>Kossa Marketing<br>Neusser Stra\u00dfe 37<br>52428 J\u00fclich<\/p>\n\n\n\n<p><strong>Kontakt<\/strong><br>Telefon: +4917646779601<br>E-Mail: info@kossamarketing.com<br>Website: <a href=\"https:\/\/www.kossamarketing.com\">https:\/\/www.kossamarketing.com<\/a><\/p>\n\n\n\n<p><strong>Umsatzsteuer-ID<\/strong><br>Umsatzsteuer-Identifikationsnummer gem\u00e4\u00df \u00a7 27 a Umsatzsteuergesetz: [Ihre USt-ID, falls vorhanden]<\/p>\n\n\n\n<p><strong>Verantwortlich f\u00fcr den Inhalt nach \u00a7 55 Abs. 2 RStV<\/strong><br>Mario Kossakowski<br>Neusser Stra\u00dfe 37<br>52428 J\u00fclich<\/p>\n\n\n\n<p><strong>Hinweis auf EU-Streitschlichtung<\/strong><br>Die Europ\u00e4ische Kommission stellt eine Plattform zur Online-Streitbeilegung (OS) bereit: <a href=\"https:\/\/ec.europa.eu\/consumers\/odr\">https:\/\/ec.europa.eu\/consumers\/odr<\/a>.<br>Unsere E-Mail-Adresse finden Sie oben im Impressum.<\/p>\n\n\n\n<p><strong>Haftungsausschluss (Disclaimer)<\/strong><br>Haftung f\u00fcr Inhalte: Als Diensteanbieter sind wir gem\u00e4\u00df \u00a7 7 Abs.1 TMG f\u00fcr eigene Inhalte auf diesen Seiten nach den allgemeinen Gesetzen verantwortlich. Nach \u00a7\u00a7 8 bis 10 TMG sind wir als Diensteanbieter jedoch nicht verpflichtet, \u00fcbermittelte oder gespeicherte fremde Informationen zu \u00fcberwachen oder nach Umst\u00e4nden zu forschen, die auf eine rechtswidrige T\u00e4tigkeit hinweisen.<br>Haftung f\u00fcr Links: Unser Angebot enth\u00e4lt Links zu externen Websites Dritter, auf deren Inhalte wir keinen Einfluss haben.<\/p>\n\n\n\n<p><\/p>\n\n\n\n<p><strong>Datenschutzerkl\u00e4rung:<\/strong><\/p>\n\n\n\n<p>Unsere Datenschutzerkl\u00e4rung <a href=\"https:\/\/kossamarketing.com\/index.php\/datenschutzerklaerung\/\" target=\"_blank\" rel=\"noopener\" title=\"\">https:\/\/kossamarketing.com\/index.php\/datenschutzerklaerung\/<\/a><\/p>\n\n\n\n<p><\/p>\n","protected":false},"excerpt":{"rendered":"<p>Angaben gem\u00e4\u00df \u00a7 5 TMGMario KossakowskiKossa MarketingNeusser Stra\u00dfe 3752428 J\u00fclich KontaktTelefon: +4917646779601E-Mail: info@kossamarketing.comWebsite: https:\/\/www.kossamarketing.com Umsatzsteuer-IDUmsatzsteuer-Identifikationsnummer gem\u00e4\u00df \u00a7 27 a Umsatzsteuergesetz: [Ihre USt-ID, falls vorhanden] Verantwortlich f\u00fcr den Inhalt nach \u00a7 55 Abs. 2 RStVMario KossakowskiNeusser Stra\u00dfe 3752428 J\u00fclich Hinweis auf EU-StreitschlichtungDie Europ\u00e4ische Kommission stellt eine Plattform zur Online-Streitbeilegung (OS) bereit: https:\/\/ec.europa.eu\/consumers\/odr.Unsere E-Mail-Adresse finden Sie oben&hellip; <br \/> <a class=\"button small blue\" href=\"https:\/\/kossamarketing.com\/index.php\/trusted-services\/\">Weiterlesen<\/a><\/p>\n","protected":false},"author":1,"featured_media":0,"parent":0,"menu_order":0,"comment_status":"closed","ping_status":"closed","template":"","meta":{"om_disable_all_campaigns":false,"_monsterinsights_skip_tracking":false,"_monsterinsights_sitenote_active":false,"_monsterinsights_sitenote_note":"","_monsterinsights_sitenote_category":0,"_themeisle_gutenberg_block_has_review":false,"_ti_tpc_template_sync":false,"_ti_tpc_template_id":"","footnotes":""},"aioseo_notices":[],"_links":{"self":[{"href":"https:\/\/kossamarketing.com\/index.php\/wp-json\/wp\/v2\/pages\/49"}],"collection":[{"href":"https:\/\/kossamarketing.com\/index.php\/wp-json\/wp\/v2\/pages"}],"about":[{"href":"https:\/\/kossamarketing.com\/index.php\/wp-json\/wp\/v2\/types\/page"}],"author":[{"embeddable":true,"href":"https:\/\/kossamarketing.com\/index.php\/wp-json\/wp\/v2\/users\/1"}],"replies":[{"embeddable":true,"href":"https:\/\/kossamarketing.com\/index.php\/wp-json\/wp\/v2\/comments?post=49"}],"version-history":[{"count":7,"href":"https:\/\/kossamarketing.com\/index.php\/wp-json\/wp\/v2\/pages\/49\/revisions"}],"predecessor-version":[{"id":555,"href":"https:\/\/kossamarketing.com\/index.php\/wp-json\/wp\/v2\/pages\/49\/revisions\/555"}],"wp:attachment":[{"href":"https:\/\/kossamarketing.com\/index.php\/wp-json\/wp\/v2\/media?parent=49"}],"curies":[{"name":"wp","href":"https:\/\/api.w.org\/{rel}","templated":true}]}}