{"id":489,"date":"2024-04-29T19:11:28","date_gmt":"2024-04-29T17:11:28","guid":{"rendered":"https:\/\/kossamarketing.com\/index.php\/one-page-express\/"},"modified":"2025-01-31T21:28:50","modified_gmt":"2025-01-31T20:28:50","slug":"home","status":"publish","type":"page","link":"https:\/\/kossamarketing.com\/","title":{"rendered":"Home"},"content":{"rendered":"<div  id=\"overlapable-2\" class=\"features-coloured-icon-boxes-section\" style=\"background-color: rgb(246, 246, 246);\" data-label=\"Overlapable\" data-id=\"stripped-coloured-icon-boxes\" data-category=\"overlapable\" data-overlap=\"true\">\n<div  class=\"gridContainer\">\n<div  class=\"features-coloured-icon-boxes-innerrow flexbox-list dark-text\" data-type=\"row\">\n<div  class=\"features-coloured-icon-boxes-featurecol cp3cols\">\n<h4  class=\"\">Marketing-Beratung<\/h4>\n<p  class=\"\">Profitiere von einer kostenlosen Erst-Beratung und einer darauf aufbauenden Pr\u00fcfung und Umsetzung deiner Ziele<\/p>\n<a class=\"features-coloured-button\" href=\"https:\/\/kossamarketing.com\/index.php\/kostenlose-erstberatung\" target=\"_blank\" rel=\"noopener\">Kostenlos<\/a>\n\n<\/div>\n<div  class=\"features-coloured-icon-boxes-featurecol cp3cols\">\n<h4  class=\"\">Projekt-Unterst\u00fctzung<\/h4>\n<p  class=\"\">Wir erstellen gemeinsam Marketingpl\u00e4ne und begleiten diese von der Ausarbeitung bis zur Umsetzung<\/p>\n<a class=\"features-coloured-button\" href=\"https:\/\/kossamarketing.com\/index.php\/angebotene-pakete\" target=\"_blank\" rel=\"noopener\">Geld-Zur\u00fcck-Garantie<\/a>\n\n<\/div>\n<div  class=\"features-coloured-icon-boxes-featurecol cp3cols\">\n<h4  class=\"\">Umsatz-Steigerung<\/h4>\n<p  class=\"\">Durch gute Strategien erh\u00f6hen wir deinen Absatz, generieren Reichweite und sichern dadurch Marktanteile<\/p>\n<a class=\"features-coloured-button\" href=\"https:\/\/kossamarketing.com\/index.php\/die-konzepte\" target=\"_blank\" rel=\"noopener\">Die Konzepte<\/a>\n\n<\/div>\n<div  class=\"features-coloured-icon-boxes-featurecol cp3cols\">\n<h4  class=\"\">Markt-Analyse<\/h4>\n<p  class=\"\">Genaue Betrachtung deiner Branche, Lage und M\u00f6glichkeiten, um einen gesamt\u00fcberblick zu verschaffen<\/p>\n<a class=\"features-coloured-button\" href=\"https:\/\/kossamarketing.com\/index.php\/die-zahlen\" target=\"_blank\" rel=\"noopener\">Die Zahlen<\/a>\n\n<\/div>\n<\/div>\n<\/div>\n<\/div><div  id=\"about-1\" class=\"about-big-images-section\" style=\"background-color: rgb(246, 246, 246);\" data-label=\"About\" data-id=\"about-big-images-section\" data-category=\"about\">\n<div  class=\"gridContainer\">\n<div  class=\"about-big-images-textrow\">\n<div  class=\"about-big-images-textcol dynamic-color\" data-type=\"column\">\n<h5  class=\"\">Was wir Bieten<\/h5>\n<h3  class=\"\">Alles rund um Marketing aus einer Hand<\/h3>\n<p  class=\"\">Individuell auf Ihre Bed\u00fcrfnisse angepasst<\/p>\nWird kein Erfolg erzielt, gibt es das Geld zur\u00fcck\n\n<\/div>\n<\/div>\n<\/div>\n<div  class=\"about-big-images-bottomrow\">\n<div  class=\"about-big-images-leftimgcol\"><\/div>\n<div  class=\"about-big-images-centerimgcol\"><\/div>\n<div  class=\"about-big-images-rightimgcol\"><\/div>\n<\/div>\n<\/div><div  id=\"portfolio-2\" style=\"background-color: #ffffff;\" data-label=\"Portfolio\" data-id=\"portfolio-full-section\" data-category=\"portfolio\">\n<div  class=\"portfolio-full-section\" data-type=\"row\">\n<div  class=\"portfolio-full-projectco cp4cols cp4cols-tablet\">\n<div  id=\"ContentSwap103\" class=\"contentswap-effect ContentSwap103\">\n<div  class=\"ContentSwap103_content initial-image\"><img  decoding=\"async\" class=\"portfolio-full-projectimg\" src=\"http:\/\/kossamarketing.com\/wp-content\/uploads\/2025\/01\/cropped-UebergangsFlo_Profilbild.jpg\" data-size=\"1200x800\"><\/div>\n<div  class=\"overlay\" style=\"display: block; opacity: 1;\"><\/div>\n<div  class=\"swap-inner\" style=\"opacity: 1; display: block;\">\n<div  class=\"ContentSwap103-center\">\n<h4  class=\"protfolio-full-itemtitle\">Derzeitige Projekte<\/h4>\n<a class=\"button yellow\" href=\"https:\/\/kossamarketing.com\/xn--bergangsflo-shb.com\" target=\"_blank\" rel=\"noopener\">\u00dcbergangsFlo<\/a>\n\n<\/div>\n<\/div>\n<\/div>\n<\/div>\n<div  class=\"portfolio-full-projectco cp4cols cp4cols-tablet\">\n<div  id=\"ContentSwap103\" class=\"contentswap-effect ContentSwap103\">\n<div  class=\"ContentSwap103_content initial-image\"><img  decoding=\"async\" class=\"portfolio-full-projectimg\" src=\"http:\/\/kossamarketing.com\/wp-content\/uploads\/2020\/01\/cropped-neve-web-design-bg-11.jpg\" data-size=\"1200x800\"><\/div>\n<div  class=\"overlay\" style=\"display: block; opacity: 1;\"><\/div>\n<div  class=\"swap-inner\" style=\"opacity: 1; display: block;\">\n<div  class=\"ContentSwap103-center\">\n<h4  class=\"protfolio-full-itemtitle\">Partner<\/h4>\n<a class=\"button yellow\" href=\"https:\/\/www.instagram.com\/derkossa\" target=\"_blank\" rel=\"noopener\">DerKossa<\/a>\n\n<\/div>\n<\/div>\n<\/div>\n<\/div>\n<div  class=\"portfolio-full-projectco cp4cols cp4cols-tablet\">\n<div  id=\"ContentSwap103\" class=\"contentswap-effect ContentSwap103\">\n<div  class=\"ContentSwap103_content initial-image\"><img  decoding=\"async\" class=\"portfolio-full-projectimg\" src=\"http:\/\/kossamarketing.com\/wp-content\/uploads\/2025\/01\/cropped-flower-75331_1920.jpg\" data-size=\"1200x800\"><\/div>\n<div  class=\"overlay\" style=\"display: block; opacity: 1;\"><\/div>\n<div  class=\"swap-inner\" style=\"opacity: 1; display: block;\">\n<div  class=\"ContentSwap103-center\">\n<h4  class=\"protfolio-full-itemtitle\">Umwelt-Projekte<\/h4>\n<a class=\"button yellow\" href=\"https:\/\/kossamarketing.com\/gofund.me\/8b0ed135\" target=\"_blank\" rel=\"noopener\">Wald-Entstehung<\/a>\n\n<\/div>\n<\/div>\n<\/div>\n<\/div>\n<\/div>\n<\/div><div  id=\"team-3\" class=\"team-small-section\" style=\"background-color: #ffffff;\" data-label=\"Team\" data-id=\"team-small-section\" data-category=\"team\">\n<div  class=\"gridContainer dynamic-color\">\n<div  class=\"team-small-textcol\" data-type=\"column\">\n<h2  class=\"\">Folge uns f\u00fcr mehr<\/h2>\n<\/div>\n<div  class=\"team-small-memberrow\" data-type=\"row\">\n<div  class=\"team-small-membercol\"><img  decoding=\"async\" class=\"team-small-memberimg-normal\" src=\"https:\/\/kossamarketing.com\/wp-content\/plugins\/one-page-express-companion\/theme-data\/one-page-express\/sections\/images\/face7.jpg\" height=\"175\" data-size=\"500x500\">\n<h4  class=\"\">DerKossa<\/h4>\n<p  class=\"\">Freelancer<\/p>\n\n<div  class=\"team-small-iconsrow\" data-type=\"group\"><\/div>\n<a class=\"button blue\" href=\"https:\/\/kossamarketing.com\/www.instagram.com\/derkossa\" target=\"_blank\" rel=\"noopener\">Mehr<\/a>\n\n<\/div>\n<div  class=\"team-small-membercol\"><img  decoding=\"async\" class=\"team-small-memberimg-normal\" src=\"http:\/\/kossamarketing.com\/wp-content\/uploads\/2025\/01\/cropped-UebergangsFlo_logo.png\" alt=\"\" data-size=\"500x500\">\n<h4  class=\"\">\u00dcbergangsFlo<\/h4>\n<p  class=\"\">Content Creator<\/p>\n\n<div  class=\"team-small-iconsrow\" data-type=\"group\"><\/div>\n<a class=\"button blue\" href=\"https:\/\/kossamarketing.com\/www.instagram.com\/uebergangsflo\" target=\"_blank\" rel=\"noopener\">Mehr<\/a>\n\n<\/div>\n<div  class=\"team-small-membercol\"><img  decoding=\"async\" class=\"team-small-memberimg-normal\" src=\"http:\/\/kossamarketing.com\/wp-content\/uploads\/2025\/01\/cropped-cropped-1.png\" alt=\"\" data-size=\"500x500\">\n<h4  class=\"\">KossaMarketing<\/h4>\n<p  class=\"\">Unternehmen<\/p>\n\n<div  class=\"team-small-iconsrow\" data-type=\"group\"><\/div>\n<a class=\"button blue\" href=\"https:\/\/kossamarketing.com\/index.php\/kossamarketing\" target=\"_blank\" rel=\"noopener\">Mehr<\/a>\n\n<\/div>\n<\/div>\n<\/div>\n<\/div><div  id=\"cta-1\" class=\"cta-blue-section\" data-label=\"Call to action\" data-id=\"cta-blue-section\" data-category=\"cta\">\n<div  class=\"gridContainer\">\n<div  class=\"flexbox-list flexbox-list-align-center row\">\n<div  class=\"cta-blue-textcol dynamic-color\">\n<h2  class=\"cta-blue-text\"><b >&nbsp;Jetzt zur Erst-Beratung<\/b><\/h2>\n<\/div>\n<div  class=\"cta-blue-btncol\"><a class=\"button big yellow dark-text\" href=\"https:\/\/kossamarketing.com\/index.php\/kontakt\" target=\"_blank\" rel=\"noopener\"> Termin vereinbaren <\/a><\/div>\n<\/div>\n<\/div>\n<\/div>","protected":false},"excerpt":{"rendered":"<p>Marketing-Beratung Profitiere von einer kostenlosen Erst-Beratung und einer darauf aufbauenden Pr\u00fcfung und Umsetzung deiner Ziele Kostenlos Projekt-Unterst\u00fctzung Wir erstellen gemeinsam Marketingpl\u00e4ne und begleiten diese von der Ausarbeitung bis zur Umsetzung Geld-Zur\u00fcck-Garantie Umsatz-Steigerung Durch gute Strategien erh\u00f6hen wir deinen Absatz, generieren Reichweite und sichern dadurch Marktanteile Die Konzepte Markt-Analyse Genaue Betrachtung deiner Branche, Lage und M\u00f6glichkeiten,&hellip; <br \/> <a class=\"button small blue\" href=\"https:\/\/kossamarketing.com\/index.php\/2021\/11\/02\/best-calligraphy-fonts-for-logos\/\">Weiterlesen<\/a><\/p>\n","protected":false},"author":1,"featured_media":0,"parent":0,"menu_order":0,"comment_status":"closed","ping_status":"closed","template":"","meta":{"om_disable_all_campaigns":false,"_monsterinsights_skip_tracking":false,"_monsterinsights_sitenote_active":false,"_monsterinsights_sitenote_note":"","_monsterinsights_sitenote_category":0,"_themeisle_gutenberg_block_has_review":false,"_ti_tpc_template_sync":false,"_ti_tpc_template_id":"","footnotes":""},"aioseo_notices":[],"_links":{"self":[{"href":"https:\/\/kossamarketing.com\/index.php\/wp-json\/wp\/v2\/pages\/489"}],"collection":[{"href":"https:\/\/kossamarketing.com\/index.php\/wp-json\/wp\/v2\/pages"}],"about":[{"href":"https:\/\/kossamarketing.com\/index.php\/wp-json\/wp\/v2\/types\/page"}],"author":[{"embeddable":true,"href":"https:\/\/kossamarketing.com\/index.php\/wp-json\/wp\/v2\/users\/1"}],"replies":[{"embeddable":true,"href":"https:\/\/kossamarketing.com\/index.php\/wp-json\/wp\/v2\/comments?post=489"}],"version-history":[{"count":48,"href":"https:\/\/kossamarketing.com\/index.php\/wp-json\/wp\/v2\/pages\/489\/revisions"}],"predecessor-version":[{"id":695,"href":"https:\/\/kossamarketing.com\/index.php\/wp-json\/wp\/v2\/pages\/489\/revisions\/695"}],"wp:attachment":[{"href":"https:\/\/kossamarketing.com\/index.php\/wp-json\/wp\/v2\/media?parent=489"}],"curies":[{"name":"wp","href":"https:\/\/api.w.org\/{rel}","templated":true}]}}