{"id":202,"date":"2024-01-21T19:43:53","date_gmt":"2024-01-21T18:43:53","guid":{"rendered":"https:\/\/kossamarketing.com\/?page_id=202"},"modified":"2025-01-26T16:41:03","modified_gmt":"2025-01-26T15:41:03","slug":"kostenlose-erstberatung","status":"publish","type":"page","link":"https:\/\/kossamarketing.com\/index.php\/kostenlose-erstberatung\/","title":{"rendered":"Kostenlose <span>ErstBeratung<span>"},"content":{"rendered":"\n<p><strong>Entdecken Sie neue M\u00f6glichkeiten f\u00fcr Ihr Marketing \u2013 kostenlos und unverbindlich!<\/strong><\/p>\n\n\n\n<p>Sie m\u00f6chten Ihr Unternehmen auf das n\u00e4chste Level bringen, wissen aber nicht, wo Sie anfangen sollen? Kein Problem! Bei KossaMarketing bieten wir Ihnen eine <strong>kostenlose ErstBeratung<\/strong>, bei der wir gemeinsam Ihre individuellen Ziele und Herausforderungen analysieren.<br><\/p>\n\n\n\n<p>Unser Ziel ist es, Ihnen direkt wertvolle Impulse und ma\u00dfgeschneiderte L\u00f6sungsans\u00e4tze zu liefern \u2013 ohne versteckte Kosten, ohne Verpflichtungen. Starten Sie jetzt und machen Sie den ersten Schritt zu nachhaltigem Erfolg!<\/p>\n\n\n\n<div id=\"wp-block-themeisle-blocks-advanced-columns-6dfc4d15\" class=\"wp-block-themeisle-blocks-advanced-columns has-2-columns has-desktop-equal-layout has-tablet-equal-layout has-mobile-collapsedRows-layout has-vertical-unset\"><div class=\"wp-block-themeisle-blocks-advanced-columns-overlay\"><\/div><div class=\"innerblocks-wrap\">\n<div id=\"wp-block-themeisle-blocks-advanced-column-bc8e4d29\" class=\"wp-block-themeisle-blocks-advanced-column\">\n<div id=\"wp-block-themeisle-blocks-button-group-dbbc701f\" class=\"wp-block-themeisle-blocks-button-group wp-block-buttons\">\n<div id=\"wp-block-themeisle-blocks-button-9c8b3d45\" class=\"wp-block-themeisle-blocks-button wp-block-button\"><a href=\"https:\/\/kossamarketing.com\/index.php\/kontakt\/\" target=\"_self\" rel=\"noopener noreferrer\" class=\"wp-block-button__link\"><span>Termin vereinbaren<\/span><\/a><\/div>\n<\/div>\n<\/div>\n\n\n\n<div id=\"wp-block-themeisle-blocks-advanced-column-8fbb6a9b\" class=\"wp-block-themeisle-blocks-advanced-column\"><\/div>\n<\/div><\/div>\n\n\n\n<p><\/p>\n\n\n\n<p><\/p>\n","protected":false},"excerpt":{"rendered":"<p>Entdecken Sie neue M\u00f6glichkeiten f\u00fcr Ihr Marketing \u2013 kostenlos und unverbindlich! Sie m\u00f6chten Ihr Unternehmen auf das n\u00e4chste Level bringen, wissen aber nicht, wo Sie anfangen sollen? Kein Problem! Bei KossaMarketing bieten wir Ihnen eine kostenlose ErstBeratung, bei der wir gemeinsam Ihre individuellen Ziele und Herausforderungen analysieren. Unser Ziel ist es, Ihnen direkt wertvolle Impulse&hellip; <br \/> <a class=\"button small blue\" href=\"https:\/\/kossamarketing.com\/index.php\/kostenlose-erstberatung\/\">Weiterlesen<\/a><\/p>\n","protected":false},"author":1,"featured_media":0,"parent":0,"menu_order":0,"comment_status":"closed","ping_status":"closed","template":"","meta":{"om_disable_all_campaigns":false,"_monsterinsights_skip_tracking":false,"_monsterinsights_sitenote_active":false,"_monsterinsights_sitenote_note":"","_monsterinsights_sitenote_category":0,"_themeisle_gutenberg_block_has_review":false,"_ti_tpc_template_sync":false,"_ti_tpc_template_id":"","footnotes":""},"aioseo_notices":[],"_links":{"self":[{"href":"https:\/\/kossamarketing.com\/index.php\/wp-json\/wp\/v2\/pages\/202"}],"collection":[{"href":"https:\/\/kossamarketing.com\/index.php\/wp-json\/wp\/v2\/pages"}],"about":[{"href":"https:\/\/kossamarketing.com\/index.php\/wp-json\/wp\/v2\/types\/page"}],"author":[{"embeddable":true,"href":"https:\/\/kossamarketing.com\/index.php\/wp-json\/wp\/v2\/users\/1"}],"replies":[{"embeddable":true,"href":"https:\/\/kossamarketing.com\/index.php\/wp-json\/wp\/v2\/comments?post=202"}],"version-history":[{"count":5,"href":"https:\/\/kossamarketing.com\/index.php\/wp-json\/wp\/v2\/pages\/202\/revisions"}],"predecessor-version":[{"id":633,"href":"https:\/\/kossamarketing.com\/index.php\/wp-json\/wp\/v2\/pages\/202\/revisions\/633"}],"wp:attachment":[{"href":"https:\/\/kossamarketing.com\/index.php\/wp-json\/wp\/v2\/media?parent=202"}],"curies":[{"name":"wp","href":"https:\/\/api.w.org\/{rel}","templated":true}]}}